{"id":251,"date":"2025-11-22T10:52:32","date_gmt":"2025-11-22T10:52:32","guid":{"rendered":"http:\/\/cristauxdesavoie.fr\/?post_type=product&#038;p=251"},"modified":"2026-03-03T11:04:18","modified_gmt":"2026-03-03T11:04:18","slug":"pendentif-selenite-2-2","status":"publish","type":"product","link":"http:\/\/cristauxdesavoie.fr\/index.php\/product\/pendentif-selenite-2-2\/","title":{"rendered":"Pendentif S\u00e9l\u00e9nite"},"content":{"rendered":"","protected":false},"excerpt":{"rendered":"<p>Composition chimique : Sulfate de Calcium<\/p>\n<p>Taill\u00e9 dans mon atelier<i><\/i><\/p>\n<p>Fourni avec un cordon r\u00e9glable<\/p>\n<p>23gr\/4.5cm<\/p>\n<p>Vertus : chakra du sommet (ciel, connexion spirituelle)<i>\u00a0<\/i><i><\/i><\/p>\n<p>Contient du Soufre (S) entre en jeu dans des r\u00e9actions m\u00e9taboliques clefs comme la synth\u00e8se d\u2019acides amin\u00e9s. Il intervient \u00e9galement dans la r\u00e9gulation des muqueuses respiratoires. Il est de fait pr\u00e9conis\u00e9 en cas d&rsquo;allergie. D\u00e9toxification, troubles cardio-vasculaires, rhumatisme, c\u2019est un oligo-\u00e9l\u00e9ment important pour \u00eatre en bonne sant\u00e9 au quotidien ;<\/p>\n<p>Contient du Calcium (Ca) joue un r\u00f4le essentiel dans la solidit\u00e9 des os et des dents. Il intervient \u00e9galement dans la contraction musculaire et a un effet pr\u00e9ventif sur l\u2019hypertension art\u00e9rielle . Texte issu de l&rsquo;oligoth\u00e9rapie<\/p>\n<p>Les pierres sont appr\u00e9ci\u00e9es pour leurs \u00e9nergies, qui peuvent contribuer \u00e0 votre bien-\u00eatre quotidien. Je me base sur la lithoth\u00e9rapie, l\u2019oligoth\u00e9rapie et des recherches personnelles. Elles n\u2019ont cependant pas vocation \u00e0 remplacer l\u2019\u00e9coute, les conseils ou les soins d\u2019un professionnel de sant\u00e9. Si vous avez des questions concernant votre sant\u00e9, n\u2019h\u00e9sitez pas \u00e0 consulter un m\u00e9decin ou un sp\u00e9cialiste : les pierres peuvent accompagner, mais pas soigner.<\/p>\n<p>Chaque pi\u00e8ce est unique, le produit command\u00e9 est le produit exact sur la photo. Vous pouvez m\u2019\u00e9crire pour plus de choix dans la cat\u00e9gorie de pierre souhait\u00e9e.<\/p>\n","protected":false},"featured_media":252,"template":"","meta":{"saved_in_kubio":false,"site-sidebar-layout":"default","site-content-layout":"","ast-site-content-layout":"default","site-content-style":"default","site-sidebar-style":"default","ast-global-header-display":"","ast-banner-title-visibility":"","ast-main-header-display":"","ast-hfb-above-header-display":"","ast-hfb-below-header-display":"","ast-hfb-mobile-header-display":"","site-post-title":"","ast-breadcrumbs-content":"","ast-featured-img":"","footer-sml-layout":"","theme-transparent-header-meta":"default","adv-header-id-meta":"","stick-header-meta":"","header-above-stick-meta":"","header-main-stick-meta":"","header-below-stick-meta":"","astra-migrate-meta-layouts":"set","ast-page-background-enabled":"default","ast-page-background-meta":{"desktop":{"background-color":"var(--ast-global-color-5)","background-image":"","background-repeat":"repeat","background-position":"center center","background-size":"auto","background-attachment":"scroll","background-type":"","background-media":"","overlay-type":"","overlay-color":"","overlay-opacity":"","overlay-gradient":""},"tablet":{"background-color":"","background-image":"","background-repeat":"repeat","background-position":"center center","background-size":"auto","background-attachment":"scroll","background-type":"","background-media":"","overlay-type":"","overlay-color":"","overlay-opacity":"","overlay-gradient":""},"mobile":{"background-color":"","background-image":"","background-repeat":"repeat","background-position":"center center","background-size":"auto","background-attachment":"scroll","background-type":"","background-media":"","overlay-type":"","overlay-color":"","overlay-opacity":"","overlay-gradient":""}},"ast-content-background-meta":{"desktop":{"background-color":"var(--ast-global-color-4)","background-image":"","background-repeat":"repeat","background-position":"center center","background-size":"auto","background-attachment":"scroll","background-type":"","background-media":"","overlay-type":"","overlay-color":"","overlay-opacity":"","overlay-gradient":""},"tablet":{"background-color":"var(--ast-global-color-4)","background-image":"","background-repeat":"repeat","background-position":"center center","background-size":"auto","background-attachment":"scroll","background-type":"","background-media":"","overlay-type":"","overlay-color":"","overlay-opacity":"","overlay-gradient":""},"mobile":{"background-color":"var(--ast-global-color-4)","background-image":"","background-repeat":"repeat","background-position":"center center","background-size":"auto","background-attachment":"scroll","background-type":"","background-media":"","overlay-type":"","overlay-color":"","overlay-opacity":"","overlay-gradient":""}}},"product_brand":[],"product_cat":[25,33],"product_tag":[],"class_list":{"0":"post-251","1":"product","2":"type-product","3":"status-publish","4":"has-post-thumbnail","6":"product_cat-gybse-selenite","7":"product_cat-pendentif-bracelet","8":"product_shipping_class-lettre","9":"desktop-align-center","10":"tablet-align-left","11":"mobile-align-left","13":"first","14":"instock","15":"taxable","16":"shipping-taxable","17":"purchasable","18":"product-type-simple"},"jetpack_sharing_enabled":true,"_links":{"self":[{"href":"http:\/\/cristauxdesavoie.fr\/index.php\/wp-json\/wp\/v2\/product\/251","targetHints":{"allow":["GET"]}}],"collection":[{"href":"http:\/\/cristauxdesavoie.fr\/index.php\/wp-json\/wp\/v2\/product"}],"about":[{"href":"http:\/\/cristauxdesavoie.fr\/index.php\/wp-json\/wp\/v2\/types\/product"}],"wp:featuredmedia":[{"embeddable":true,"href":"http:\/\/cristauxdesavoie.fr\/index.php\/wp-json\/wp\/v2\/media\/252"}],"wp:attachment":[{"href":"http:\/\/cristauxdesavoie.fr\/index.php\/wp-json\/wp\/v2\/media?parent=251"}],"wp:term":[{"taxonomy":"product_brand","embeddable":true,"href":"http:\/\/cristauxdesavoie.fr\/index.php\/wp-json\/wp\/v2\/product_brand?post=251"},{"taxonomy":"product_cat","embeddable":true,"href":"http:\/\/cristauxdesavoie.fr\/index.php\/wp-json\/wp\/v2\/product_cat?post=251"},{"taxonomy":"product_tag","embeddable":true,"href":"http:\/\/cristauxdesavoie.fr\/index.php\/wp-json\/wp\/v2\/product_tag?post=251"}],"curies":[{"name":"wp","href":"https:\/\/api.w.org\/{rel}","templated":true}]}}