{"id":168,"date":"2025-11-20T10:23:04","date_gmt":"2025-11-20T10:23:04","guid":{"rendered":"http:\/\/cristauxdesavoie.fr\/?post_type=product&#038;p=168"},"modified":"2026-03-03T11:09:12","modified_gmt":"2026-03-03T11:09:12","slug":"specularite","status":"publish","type":"product","link":"http:\/\/cristauxdesavoie.fr\/index.php\/product\/specularite\/","title":{"rendered":"Pendentif Sp\u00e9cularite"},"content":{"rendered":"","protected":false},"excerpt":{"rendered":"<p>Pendentif tr\u00e8s important en Sp\u00e9cularite (titane avec h\u00e9matite)<\/p>\n<p>Je travaille avec cette pierre tr\u00e8s efficace depuis 10 ans, en gros \u00e7&rsquo;est pieds sur terre et la t\u00eate dans les \u00e9toiles !<\/p>\n<p>La meilleure pierre pour lutter contre l&rsquo;impact des rayonnements \u00e9lectromagn\u00e9tiques (portable, ordi, antennes, etc&#8230;), 10 ans d&rsquo;exp\u00e9riences et de mesures&#8230;.<\/p>\n<p>Composition chimique : Titane et Silicium<\/p>\n<p>Provenance au Michigan au US (le seul lieu) et taill\u00e9 dans mon atelier<i><\/i><\/p>\n<p>Fourni avec un cordon r\u00e9glable<\/p>\n<p>25gr\/4cm<\/p>\n<p>Vertus : terre et ciel, r\u00e9harmonise l&rsquo;ensemble du corps, joue un r\u00f4le de fil &lsquo;terre&rsquo; et dilue les tensions \u00e9lectriques dans le corps..<i><\/i><\/p>\n<p>Contient du silicium (Si)\u00a0est indispensable \u00e0 la synth\u00e8se du tissu conjonctif. Cet oligo-\u00e9l\u00e9ment stimule la croissance cellulaire. C\u2019est \u00e9galement un remin\u00e9ralisant. De fait, il est indiqu\u00e9 notamment pour renforcer les os ou encore en cas de d\u00e9calcification ou d\u2019arthrose ;<\/p>\n<p>Le titane peut g\u00e9n\u00e9rer un courant \u00e9lectrique unique qui est b\u00e9n\u00e9fique pour le corps humain. En raison de sa stabilit\u00e9 chimique, le titane ne subit pas de changements ou de d\u00e9gradation fr\u00e9quents. Les produits \u00e0 base de titane sont connus pour g\u00e9n\u00e9rer un courant bio\u00e9lectrique stable, ce qui aide \u00e0 soulager la tension musculaire. En cons\u00e9quence, l&rsquo;esprit devient plus d\u00e9tendu, les muscles desserr\u00e9s progressivement et les performances physiques peuvent \u00eatre am\u00e9lior\u00e9es. Des \u00e9tudes m\u00e9dicales ont confirm\u00e9 que le corps humain contient naturellement des traces de titane. Texte issu de l&rsquo;oligoth\u00e9rapie<\/p>\n<p>Les pierres sont appr\u00e9ci\u00e9es pour leurs \u00e9nergies, qui peuvent contribuer \u00e0 votre bien-\u00eatre quotidien. Je me base sur la lithoth\u00e9rapie, l\u2019oligoth\u00e9rapie et des recherches personnelles. Elles n\u2019ont cependant pas vocation \u00e0 remplacer l\u2019\u00e9coute, les conseils ou les soins d\u2019un professionnel de sant\u00e9. Si vous avez des questions concernant votre sant\u00e9, n\u2019h\u00e9sitez pas \u00e0 consulter un m\u00e9decin ou un sp\u00e9cialiste : les pierres peuvent accompagner, mais pas soigner.<\/p>\n<p>Chaque pi\u00e8ce est unique, le produit command\u00e9 est le produit exact sur la photo. Vous pouvez m\u2019\u00e9crire pour plus de choix dans la cat\u00e9gorie de pierre souhait\u00e9e.<\/p>\n<p>Je la conseille !<\/p>\n","protected":false},"featured_media":169,"template":"","meta":{"saved_in_kubio":false,"site-sidebar-layout":"default","site-content-layout":"","ast-site-content-layout":"default","site-content-style":"default","site-sidebar-style":"default","ast-global-header-display":"","ast-banner-title-visibility":"","ast-main-header-display":"","ast-hfb-above-header-display":"","ast-hfb-below-header-display":"","ast-hfb-mobile-header-display":"","site-post-title":"","ast-breadcrumbs-content":"","ast-featured-img":"","footer-sml-layout":"","theme-transparent-header-meta":"default","adv-header-id-meta":"","stick-header-meta":"","header-above-stick-meta":"","header-main-stick-meta":"","header-below-stick-meta":"","astra-migrate-meta-layouts":"set","ast-page-background-enabled":"default","ast-page-background-meta":{"desktop":{"background-color":"var(--ast-global-color-5)","background-image":"","background-repeat":"repeat","background-position":"center center","background-size":"auto","background-attachment":"scroll","background-type":"","background-media":"","overlay-type":"","overlay-color":"","overlay-opacity":"","overlay-gradient":""},"tablet":{"background-color":"","background-image":"","background-repeat":"repeat","background-position":"center center","background-size":"auto","background-attachment":"scroll","background-type":"","background-media":"","overlay-type":"","overlay-color":"","overlay-opacity":"","overlay-gradient":""},"mobile":{"background-color":"","background-image":"","background-repeat":"repeat","background-position":"center center","background-size":"auto","background-attachment":"scroll","background-type":"","background-media":"","overlay-type":"","overlay-color":"","overlay-opacity":"","overlay-gradient":""}},"ast-content-background-meta":{"desktop":{"background-color":"var(--ast-global-color-4)","background-image":"","background-repeat":"repeat","background-position":"center center","background-size":"auto","background-attachment":"scroll","background-type":"","background-media":"","overlay-type":"","overlay-color":"","overlay-opacity":"","overlay-gradient":""},"tablet":{"background-color":"var(--ast-global-color-4)","background-image":"","background-repeat":"repeat","background-position":"center center","background-size":"auto","background-attachment":"scroll","background-type":"","background-media":"","overlay-type":"","overlay-color":"","overlay-opacity":"","overlay-gradient":""},"mobile":{"background-color":"var(--ast-global-color-4)","background-image":"","background-repeat":"repeat","background-position":"center center","background-size":"auto","background-attachment":"scroll","background-type":"","background-media":"","overlay-type":"","overlay-color":"","overlay-opacity":"","overlay-gradient":""}}},"product_brand":[],"product_cat":[33,40],"product_tag":[],"class_list":{"0":"post-168","1":"product","2":"type-product","3":"status-publish","4":"has-post-thumbnail","6":"product_cat-pendentif-bracelet","7":"product_cat-specularite","8":"product_shipping_class-lettre","9":"desktop-align-center","10":"tablet-align-left","11":"mobile-align-left","13":"first","14":"instock","15":"taxable","16":"shipping-taxable","17":"purchasable","18":"product-type-simple"},"jetpack_sharing_enabled":true,"_links":{"self":[{"href":"http:\/\/cristauxdesavoie.fr\/index.php\/wp-json\/wp\/v2\/product\/168","targetHints":{"allow":["GET"]}}],"collection":[{"href":"http:\/\/cristauxdesavoie.fr\/index.php\/wp-json\/wp\/v2\/product"}],"about":[{"href":"http:\/\/cristauxdesavoie.fr\/index.php\/wp-json\/wp\/v2\/types\/product"}],"wp:featuredmedia":[{"embeddable":true,"href":"http:\/\/cristauxdesavoie.fr\/index.php\/wp-json\/wp\/v2\/media\/169"}],"wp:attachment":[{"href":"http:\/\/cristauxdesavoie.fr\/index.php\/wp-json\/wp\/v2\/media?parent=168"}],"wp:term":[{"taxonomy":"product_brand","embeddable":true,"href":"http:\/\/cristauxdesavoie.fr\/index.php\/wp-json\/wp\/v2\/product_brand?post=168"},{"taxonomy":"product_cat","embeddable":true,"href":"http:\/\/cristauxdesavoie.fr\/index.php\/wp-json\/wp\/v2\/product_cat?post=168"},{"taxonomy":"product_tag","embeddable":true,"href":"http:\/\/cristauxdesavoie.fr\/index.php\/wp-json\/wp\/v2\/product_tag?post=168"}],"curies":[{"name":"wp","href":"https:\/\/api.w.org\/{rel}","templated":true}]}}