{"id":166,"date":"2025-11-20T10:15:24","date_gmt":"2025-11-20T10:15:24","guid":{"rendered":"http:\/\/cristauxdesavoie.fr\/?post_type=product&#038;p=166"},"modified":"2026-03-03T11:09:57","modified_gmt":"2026-03-03T11:09:57","slug":"quartz-avec-albite-de-savoie","status":"publish","type":"product","link":"http:\/\/cristauxdesavoie.fr\/index.php\/product\/quartz-avec-albite-de-savoie\/","title":{"rendered":"Quartz avec Albite de Savoie"},"content":{"rendered":"","protected":false},"excerpt":{"rendered":"<p>Tr\u00e8s beau bloc de Quartz avec cristaux blancs d&rsquo;Albite trouv\u00e9 dans le massif de la Lauzi\u00e8re en Savoie.<\/p>\n<p>Composition chimique : Sio2<\/p>\n<p>Trouv\u00e9 en Savoie.<i><\/i><\/p>\n<p>472gr\/13cm<\/p>\n<p>Vertus : chakra du sommet (connexion cosmique, s\u00e9r\u00e9nit\u00e9).<i><\/i><\/p>\n<ul>\n<li>Contient du silicium (Si)\u00a0est indispensable \u00e0 la synth\u00e8se du tissu conjonctif. Cet oligo-\u00e9l\u00e9ment stimule la croissance cellulaire. C\u2019est \u00e9galement un remin\u00e9ralisant. De fait, il est indiqu\u00e9 notamment pour renforcer les os ou encore en cas de d\u00e9calcification ou d\u2019arthrose ;<\/li>\n<li>Texte issu de l&rsquo;oligoth\u00e9rapie.<\/li>\n<\/ul>\n<p>Les pierres sont appr\u00e9ci\u00e9es pour leurs \u00e9nergies, qui peuvent contribuer \u00e0 votre bien-\u00eatre quotidien. Je me base sur la lithoth\u00e9rapie, l\u2019oligoth\u00e9rapie et des recherches personnelles. Elles n\u2019ont cependant pas vocation \u00e0 remplacer l\u2019\u00e9coute, les conseils ou les soins d\u2019un professionnel de sant\u00e9. Si vous avez des questions concernant votre sant\u00e9, n\u2019h\u00e9sitez pas \u00e0 consulter un m\u00e9decin ou un sp\u00e9cialiste : les pierres peuvent accompagner, mais pas soigner.<\/p>\n<p>Chaque pi\u00e8ce est unique, le produit command\u00e9 est le produit exact sur la photo. Vous pouvez m\u2019\u00e9crire pour plus de choix dans la cat\u00e9gorie de pierre souhait\u00e9e.<\/p>\n","protected":false},"featured_media":167,"template":"","meta":{"saved_in_kubio":false,"site-sidebar-layout":"default","site-content-layout":"","ast-site-content-layout":"default","site-content-style":"default","site-sidebar-style":"default","ast-global-header-display":"","ast-banner-title-visibility":"","ast-main-header-display":"","ast-hfb-above-header-display":"","ast-hfb-below-header-display":"","ast-hfb-mobile-header-display":"","site-post-title":"","ast-breadcrumbs-content":"","ast-featured-img":"","footer-sml-layout":"","theme-transparent-header-meta":"default","adv-header-id-meta":"","stick-header-meta":"","header-above-stick-meta":"","header-main-stick-meta":"","header-below-stick-meta":"","astra-migrate-meta-layouts":"set","ast-page-background-enabled":"default","ast-page-background-meta":{"desktop":{"background-color":"var(--ast-global-color-5)","background-image":"","background-repeat":"repeat","background-position":"center center","background-size":"auto","background-attachment":"scroll","background-type":"","background-media":"","overlay-type":"","overlay-color":"","overlay-opacity":"","overlay-gradient":""},"tablet":{"background-color":"","background-image":"","background-repeat":"repeat","background-position":"center center","background-size":"auto","background-attachment":"scroll","background-type":"","background-media":"","overlay-type":"","overlay-color":"","overlay-opacity":"","overlay-gradient":""},"mobile":{"background-color":"","background-image":"","background-repeat":"repeat","background-position":"center center","background-size":"auto","background-attachment":"scroll","background-type":"","background-media":"","overlay-type":"","overlay-color":"","overlay-opacity":"","overlay-gradient":""}},"ast-content-background-meta":{"desktop":{"background-color":"var(--ast-global-color-4)","background-image":"","background-repeat":"repeat","background-position":"center center","background-size":"auto","background-attachment":"scroll","background-type":"","background-media":"","overlay-type":"","overlay-color":"","overlay-opacity":"","overlay-gradient":""},"tablet":{"background-color":"var(--ast-global-color-4)","background-image":"","background-repeat":"repeat","background-position":"center center","background-size":"auto","background-attachment":"scroll","background-type":"","background-media":"","overlay-type":"","overlay-color":"","overlay-opacity":"","overlay-gradient":""},"mobile":{"background-color":"var(--ast-global-color-4)","background-image":"","background-repeat":"repeat","background-position":"center center","background-size":"auto","background-attachment":"scroll","background-type":"","background-media":"","overlay-type":"","overlay-color":"","overlay-opacity":"","overlay-gradient":""}}},"product_brand":[],"product_cat":[34,35],"product_tag":[],"class_list":{"0":"post-166","1":"product","2":"type-product","3":"status-publish","4":"has-post-thumbnail","6":"product_cat-mineraux","7":"product_cat-quartz-mineraux","8":"product_shipping_class-colis","9":"desktop-align-center","10":"tablet-align-left","11":"mobile-align-left","13":"first","14":"instock","15":"taxable","16":"shipping-taxable","17":"purchasable","18":"product-type-simple"},"jetpack_sharing_enabled":true,"_links":{"self":[{"href":"http:\/\/cristauxdesavoie.fr\/index.php\/wp-json\/wp\/v2\/product\/166","targetHints":{"allow":["GET"]}}],"collection":[{"href":"http:\/\/cristauxdesavoie.fr\/index.php\/wp-json\/wp\/v2\/product"}],"about":[{"href":"http:\/\/cristauxdesavoie.fr\/index.php\/wp-json\/wp\/v2\/types\/product"}],"wp:featuredmedia":[{"embeddable":true,"href":"http:\/\/cristauxdesavoie.fr\/index.php\/wp-json\/wp\/v2\/media\/167"}],"wp:attachment":[{"href":"http:\/\/cristauxdesavoie.fr\/index.php\/wp-json\/wp\/v2\/media?parent=166"}],"wp:term":[{"taxonomy":"product_brand","embeddable":true,"href":"http:\/\/cristauxdesavoie.fr\/index.php\/wp-json\/wp\/v2\/product_brand?post=166"},{"taxonomy":"product_cat","embeddable":true,"href":"http:\/\/cristauxdesavoie.fr\/index.php\/wp-json\/wp\/v2\/product_cat?post=166"},{"taxonomy":"product_tag","embeddable":true,"href":"http:\/\/cristauxdesavoie.fr\/index.php\/wp-json\/wp\/v2\/product_tag?post=166"}],"curies":[{"name":"wp","href":"https:\/\/api.w.org\/{rel}","templated":true}]}}