{"id":138,"date":"2025-11-19T08:23:05","date_gmt":"2025-11-19T08:23:05","guid":{"rendered":"http:\/\/cristauxdesavoie.fr\/?post_type=product&#038;p=138"},"modified":"2026-03-03T11:18:18","modified_gmt":"2026-03-03T11:18:18","slug":"pendentif-pyrite-de-savoie","status":"publish","type":"product","link":"http:\/\/cristauxdesavoie.fr\/index.php\/product\/pendentif-pyrite-de-savoie\/","title":{"rendered":"Pendentif Pyrite de Savoie"},"content":{"rendered":"","protected":false},"excerpt":{"rendered":"<p>Composition chimique : Soufre et Fer<\/p>\n<p>Trouv\u00e9 en Savoie et taill\u00e9 dans mon atelier<i><\/i><\/p>\n<p>Fourni avec un cordon r\u00e9glable<\/p>\n<p>25gr\/4.5cm<\/p>\n<p>Vertus :chakra du plexus solaire (joie, communication, projets).<i><\/i><\/p>\n<p>Contient du soufre (S) entre en jeu dans des r\u00e9actions m\u00e9taboliques clefs comme la synth\u00e8se d\u2019acides amin\u00e9s. Il intervient \u00e9galement dans la r\u00e9gulation des muqueuses respiratoires. Il est de fait pr\u00e9conis\u00e9 en cas d&rsquo;allergie. D\u00e9toxification, troubles cardio-vasculaires, rhumatisme, c\u2019est un oligo-\u00e9l\u00e9ment important pour \u00eatre en bonne sant\u00e9 au quotidien . Texte issu de l&rsquo;oligoth\u00e9rapie<\/p>\n<p>Les pierres sont appr\u00e9ci\u00e9es pour leurs \u00e9nergies, qui peuvent contribuer \u00e0 votre bien-\u00eatre quotidien. Je me base sur la lithoth\u00e9rapie, l\u2019oligoth\u00e9rapie et des recherches personnelles. Elles n\u2019ont cependant pas vocation \u00e0 remplacer l\u2019\u00e9coute, les conseils ou les soins d\u2019un professionnel de sant\u00e9. Si vous avez des questions concernant votre sant\u00e9, n\u2019h\u00e9sitez pas \u00e0 consulter un m\u00e9decin ou un sp\u00e9cialiste : les pierres peuvent accompagner, mais pas soigner.<\/p>\n<p>Chaque pi\u00e8ce est unique, le produit command\u00e9 est le produit exact sur la photo. Vous pouvez m\u2019\u00e9crire pour plus de choix dans la cat\u00e9gorie de pierre souhait\u00e9e.<\/p>\n","protected":false},"featured_media":139,"template":"","meta":{"saved_in_kubio":false,"site-sidebar-layout":"default","site-content-layout":"","ast-site-content-layout":"default","site-content-style":"default","site-sidebar-style":"default","ast-global-header-display":"","ast-banner-title-visibility":"","ast-main-header-display":"","ast-hfb-above-header-display":"","ast-hfb-below-header-display":"","ast-hfb-mobile-header-display":"","site-post-title":"","ast-breadcrumbs-content":"","ast-featured-img":"","footer-sml-layout":"","theme-transparent-header-meta":"default","adv-header-id-meta":"","stick-header-meta":"","header-above-stick-meta":"","header-main-stick-meta":"","header-below-stick-meta":"","astra-migrate-meta-layouts":"set","ast-page-background-enabled":"default","ast-page-background-meta":{"desktop":{"background-color":"var(--ast-global-color-5)","background-image":"","background-repeat":"repeat","background-position":"center center","background-size":"auto","background-attachment":"scroll","background-type":"","background-media":"","overlay-type":"","overlay-color":"","overlay-opacity":"","overlay-gradient":""},"tablet":{"background-color":"","background-image":"","background-repeat":"repeat","background-position":"center center","background-size":"auto","background-attachment":"scroll","background-type":"","background-media":"","overlay-type":"","overlay-color":"","overlay-opacity":"","overlay-gradient":""},"mobile":{"background-color":"","background-image":"","background-repeat":"repeat","background-position":"center center","background-size":"auto","background-attachment":"scroll","background-type":"","background-media":"","overlay-type":"","overlay-color":"","overlay-opacity":"","overlay-gradient":""}},"ast-content-background-meta":{"desktop":{"background-color":"var(--ast-global-color-4)","background-image":"","background-repeat":"repeat","background-position":"center center","background-size":"auto","background-attachment":"scroll","background-type":"","background-media":"","overlay-type":"","overlay-color":"","overlay-opacity":"","overlay-gradient":""},"tablet":{"background-color":"var(--ast-global-color-4)","background-image":"","background-repeat":"repeat","background-position":"center center","background-size":"auto","background-attachment":"scroll","background-type":"","background-media":"","overlay-type":"","overlay-color":"","overlay-opacity":"","overlay-gradient":""},"mobile":{"background-color":"var(--ast-global-color-4)","background-image":"","background-repeat":"repeat","background-position":"center center","background-size":"auto","background-attachment":"scroll","background-type":"","background-media":"","overlay-type":"","overlay-color":"","overlay-opacity":"","overlay-gradient":""}}},"product_brand":[],"product_cat":[33,22],"product_tag":[],"class_list":{"0":"post-138","1":"product","2":"type-product","3":"status-publish","4":"has-post-thumbnail","6":"product_cat-pendentif-bracelet","7":"product_cat-pyrite","8":"product_shipping_class-lettre","9":"desktop-align-center","10":"tablet-align-left","11":"mobile-align-left","13":"first","14":"instock","15":"taxable","16":"shipping-taxable","17":"purchasable","18":"product-type-simple"},"jetpack_sharing_enabled":true,"_links":{"self":[{"href":"http:\/\/cristauxdesavoie.fr\/index.php\/wp-json\/wp\/v2\/product\/138","targetHints":{"allow":["GET"]}}],"collection":[{"href":"http:\/\/cristauxdesavoie.fr\/index.php\/wp-json\/wp\/v2\/product"}],"about":[{"href":"http:\/\/cristauxdesavoie.fr\/index.php\/wp-json\/wp\/v2\/types\/product"}],"wp:featuredmedia":[{"embeddable":true,"href":"http:\/\/cristauxdesavoie.fr\/index.php\/wp-json\/wp\/v2\/media\/139"}],"wp:attachment":[{"href":"http:\/\/cristauxdesavoie.fr\/index.php\/wp-json\/wp\/v2\/media?parent=138"}],"wp:term":[{"taxonomy":"product_brand","embeddable":true,"href":"http:\/\/cristauxdesavoie.fr\/index.php\/wp-json\/wp\/v2\/product_brand?post=138"},{"taxonomy":"product_cat","embeddable":true,"href":"http:\/\/cristauxdesavoie.fr\/index.php\/wp-json\/wp\/v2\/product_cat?post=138"},{"taxonomy":"product_tag","embeddable":true,"href":"http:\/\/cristauxdesavoie.fr\/index.php\/wp-json\/wp\/v2\/product_tag?post=138"}],"curies":[{"name":"wp","href":"https:\/\/api.w.org\/{rel}","templated":true}]}}